{"id":2,"date":"2023-08-04T07:13:24","date_gmt":"2023-08-04T07:13:24","guid":{"rendered":"https:\/\/web4.rkinformatika.net\/taxutu\/?page_id=2"},"modified":"2023-08-30T16:16:48","modified_gmt":"2023-08-30T16:16:48","slug":"inicio","status":"publish","type":"page","link":"https:\/\/taxutu.com\/es\/","title":{"rendered":"Inicio"},"content":{"rendered":"<div data-elementor-type=\"wp-page\" data-elementor-id=\"2\" class=\"elementor elementor-2\" data-elementor-post-type=\"page\">\n\t\t\t\t\t\t<section class=\"elementor-section elementor-top-section elementor-element elementor-element-488db09 elementor-section-boxed elementor-section-height-default elementor-section-height-default\" data-id=\"488db09\" data-element_type=\"section\" data-e-type=\"section\" data-settings=\"{&quot;background_background&quot;:&quot;classic&quot;}\">\n\t\t\t\t\t\t\t<div class=\"elementor-background-overlay\"><\/div>\n\t\t\t\t\t\t\t<div class=\"elementor-container elementor-column-gap-default\">\n\t\t\t\t\t<div class=\"elementor-column elementor-col-100 elementor-top-column elementor-element elementor-element-97c9e82\" data-id=\"97c9e82\" data-element_type=\"column\" data-e-type=\"column\">\n\t\t\t<div class=\"elementor-widget-wrap\">\n\t\t\t\t\t\t\t<\/div>\n\t\t<\/div>\n\t\t\t\t\t<\/div>\n\t\t<\/section>\n\t\t\t\t<section class=\"elementor-section elementor-top-section elementor-element elementor-element-5954db3 elementor-section-boxed elementor-section-height-default elementor-section-height-default\" data-id=\"5954db3\" data-element_type=\"section\" data-e-type=\"section\">\n\t\t\t\t\t\t<div class=\"elementor-container elementor-column-gap-default\">\n\t\t\t\t\t<div class=\"elementor-column elementor-col-100 elementor-top-column elementor-element elementor-element-5ec4246\" data-id=\"5ec4246\" data-element_type=\"column\" data-e-type=\"column\">\n\t\t\t<div class=\"elementor-widget-wrap elementor-element-populated\">\n\t\t\t\t\t\t<div class=\"elementor-element elementor-element-8610890 elementor-widget elementor-widget-heading\" data-id=\"8610890\" data-element_type=\"widget\" data-e-type=\"widget\" data-widget_type=\"heading.default\">\n\t\t\t\t<div class=\"elementor-widget-container\">\n\t\t\t\t\t<h2 class=\"elementor-heading-title elementor-size-default\">Bienvenido<\/h2>\t\t\t\t<\/div>\n\t\t\t\t<\/div>\n\t\t\t\t<div class=\"elementor-element elementor-element-41921eb elementor-widget elementor-widget-text-editor\" data-id=\"41921eb\" data-element_type=\"widget\" data-e-type=\"widget\" data-widget_type=\"text-editor.default\">\n\t\t\t\t<div class=\"elementor-widget-container\">\n\t\t\t\t\t\t\t\t\t<p>\u00a1Bienvenidos a nuestra web! Estamos encantados de presentar nuestro excelente trabajo y las \u00e1reas en las que actuamos. Con a\u00f1os de experiencia en obstetricia, uroginecolog\u00eda y fisiosexolog\u00eda, apostamos por el bienestar de la madre y sus hijos que esperan.<\/p><p>Desde el inicio del embarazo hasta el postparto, nuestro objetivo es ofrecer una atenci\u00f3n especializada y que las familias se sientan seguras e informadas. A trav\u00e9s de nuestros servicios de alta calidad, nos encargamos de construir una estrecha relaci\u00f3n con nuestros pacientes y ofrecerles apoyo y ayuda a lo largo de todo el proceso. Esperamos acompa\u00f1arte a ti y a tu familia en todos los pasos de esta emocionante experiencia.<\/p><p>\u00a1Gracias por visitar nuestra web!<\/p>\t\t\t\t\t\t\t\t<\/div>\n\t\t\t\t<\/div>\n\t\t\t\t\t<\/div>\n\t\t<\/div>\n\t\t\t\t\t<\/div>\n\t\t<\/section>\n\t\t\t\t<section class=\"elementor-section elementor-top-section elementor-element elementor-element-aeb6e0f elementor-section-full_width elementor-section-height-default elementor-section-height-default\" data-id=\"aeb6e0f\" data-element_type=\"section\" data-e-type=\"section\">\n\t\t\t\t\t\t<div class=\"elementor-container elementor-column-gap-default\">\n\t\t\t\t\t<div class=\"elementor-column elementor-col-100 elementor-top-column elementor-element elementor-element-36255d2\" data-id=\"36255d2\" data-element_type=\"column\" data-e-type=\"column\">\n\t\t\t<div class=\"elementor-widget-wrap elementor-element-populated\">\n\t\t\t\t\t\t<div class=\"elementor-element elementor-element-01f0751 elementor-widget elementor-widget-gallery\" data-id=\"01f0751\" data-element_type=\"widget\" data-e-type=\"widget\" data-settings=\"{&quot;lazyload&quot;:&quot;yes&quot;,&quot;gallery_layout&quot;:&quot;grid&quot;,&quot;columns&quot;:4,&quot;columns_tablet&quot;:2,&quot;columns_mobile&quot;:1,&quot;gap&quot;:{&quot;unit&quot;:&quot;px&quot;,&quot;size&quot;:10,&quot;sizes&quot;:[]},&quot;gap_tablet&quot;:{&quot;unit&quot;:&quot;px&quot;,&quot;size&quot;:10,&quot;sizes&quot;:[]},&quot;gap_mobile&quot;:{&quot;unit&quot;:&quot;px&quot;,&quot;size&quot;:10,&quot;sizes&quot;:[]},&quot;link_to&quot;:&quot;file&quot;,&quot;aspect_ratio&quot;:&quot;3:2&quot;,&quot;overlay_background&quot;:&quot;yes&quot;,&quot;content_hover_animation&quot;:&quot;fade-in&quot;}\" data-widget_type=\"gallery.default\">\n\t\t\t\t<div class=\"elementor-widget-container\">\n\t\t\t\t\t\t\t<div class=\"elementor-gallery__container\">\n\t\t\t\t\t\t\t<a class=\"e-gallery-item elementor-gallery-item elementor-animated-content\" href=\"https:\/\/taxutu.com\/wp-content\/uploads\/2023\/08\/tripa-scaled.jpg\" data-elementor-open-lightbox=\"yes\" data-elementor-lightbox-slideshow=\"01f0751\" data-elementor-lightbox-title=\"tripa\" data-e-action-hash=\"#elementor-action%3Aaction%3Dlightbox%26settings%3DeyJpZCI6NDA2LCJ1cmwiOiJodHRwczpcL1wvdGF4dXR1LmNvbVwvd3AtY29udGVudFwvdXBsb2Fkc1wvMjAyM1wvMDhcL3RyaXBhLXNjYWxlZC5qcGciLCJzbGlkZXNob3ciOiIwMWYwNzUxIn0%3D\">\n\t\t\t\t\t<div class=\"e-gallery-image elementor-gallery-item__image\" data-thumbnail=\"https:\/\/taxutu.com\/wp-content\/uploads\/2023\/08\/tripa-300x163.jpg\" data-width=\"300\" data-height=\"163\" aria-label=\"\" role=\"img\" ><\/div>\n\t\t\t\t\t\t\t\t\t\t\t<div class=\"elementor-gallery-item__overlay\"><\/div>\n\t\t\t\t\t\t\t\t\t\t\t\t\t\t<\/a>\n\t\t\t\t\t\t\t<a class=\"e-gallery-item elementor-gallery-item elementor-animated-content\" href=\"https:\/\/taxutu.com\/wp-content\/uploads\/2023\/08\/if.jpg\" data-elementor-open-lightbox=\"yes\" data-elementor-lightbox-slideshow=\"01f0751\" data-elementor-lightbox-title=\"if\" data-e-action-hash=\"#elementor-action%3Aaction%3Dlightbox%26settings%3DeyJpZCI6NDA0LCJ1cmwiOiJodHRwczpcL1wvdGF4dXR1LmNvbVwvd3AtY29udGVudFwvdXBsb2Fkc1wvMjAyM1wvMDhcL2lmLmpwZyIsInNsaWRlc2hvdyI6IjAxZjA3NTEifQ%3D%3D\">\n\t\t\t\t\t<div class=\"e-gallery-image elementor-gallery-item__image\" data-thumbnail=\"https:\/\/taxutu.com\/wp-content\/uploads\/2023\/08\/if-300x200.jpg\" data-width=\"300\" data-height=\"200\" aria-label=\"\" role=\"img\" ><\/div>\n\t\t\t\t\t\t\t\t\t\t\t<div class=\"elementor-gallery-item__overlay\"><\/div>\n\t\t\t\t\t\t\t\t\t\t\t\t\t\t<\/a>\n\t\t\t\t\t\t\t<a class=\"e-gallery-item elementor-gallery-item elementor-animated-content\" href=\"https:\/\/taxutu.com\/wp-content\/uploads\/2023\/08\/eskutxuek-1.jpg\" data-elementor-open-lightbox=\"yes\" data-elementor-lightbox-slideshow=\"01f0751\" data-elementor-lightbox-title=\"eskutxuek 1\" data-e-action-hash=\"#elementor-action%3Aaction%3Dlightbox%26settings%3DeyJpZCI6NDAzLCJ1cmwiOiJodHRwczpcL1wvdGF4dXR1LmNvbVwvd3AtY29udGVudFwvdXBsb2Fkc1wvMjAyM1wvMDhcL2Vza3V0eHVlay0xLmpwZyIsInNsaWRlc2hvdyI6IjAxZjA3NTEifQ%3D%3D\">\n\t\t\t\t\t<div class=\"e-gallery-image elementor-gallery-item__image\" data-thumbnail=\"https:\/\/taxutu.com\/wp-content\/uploads\/2023\/08\/eskutxuek-1-300x293.jpg\" data-width=\"300\" data-height=\"293\" aria-label=\"\" role=\"img\" ><\/div>\n\t\t\t\t\t\t\t\t\t\t\t<div class=\"elementor-gallery-item__overlay\"><\/div>\n\t\t\t\t\t\t\t\t\t\t\t\t\t\t<\/a>\n\t\t\t\t\t\t\t<a class=\"e-gallery-item elementor-gallery-item elementor-animated-content\" href=\"https:\/\/taxutu.com\/wp-content\/uploads\/2023\/08\/embarazo-balon-ds-scaled.jpg\" data-elementor-open-lightbox=\"yes\" data-elementor-lightbox-slideshow=\"01f0751\" data-elementor-lightbox-title=\"embarazo balon ds\" data-e-action-hash=\"#elementor-action%3Aaction%3Dlightbox%26settings%3DeyJpZCI6NDAyLCJ1cmwiOiJodHRwczpcL1wvdGF4dXR1LmNvbVwvd3AtY29udGVudFwvdXBsb2Fkc1wvMjAyM1wvMDhcL2VtYmFyYXpvLWJhbG9uLWRzLXNjYWxlZC5qcGciLCJzbGlkZXNob3ciOiIwMWYwNzUxIn0%3D\">\n\t\t\t\t\t<div class=\"e-gallery-image elementor-gallery-item__image\" data-thumbnail=\"https:\/\/taxutu.com\/wp-content\/uploads\/2023\/08\/embarazo-balon-ds-300x245.jpg\" data-width=\"300\" data-height=\"245\" aria-label=\"\" role=\"img\" ><\/div>\n\t\t\t\t\t\t\t\t\t\t\t<div class=\"elementor-gallery-item__overlay\"><\/div>\n\t\t\t\t\t\t\t\t\t\t\t\t\t\t<\/a>\n\t\t\t\t\t\t\t<a class=\"e-gallery-item elementor-gallery-item elementor-animated-content\" href=\"https:\/\/taxutu.com\/wp-content\/uploads\/2023\/08\/embarazo-balon-dl-vista-craneal-dcha-filtro-napa-scaled.jpg\" data-elementor-open-lightbox=\"yes\" data-elementor-lightbox-slideshow=\"01f0751\" data-elementor-lightbox-title=\"embarazo balon dl, vista craneal dcha, filtro napa\" data-e-action-hash=\"#elementor-action%3Aaction%3Dlightbox%26settings%3DeyJpZCI6NDAxLCJ1cmwiOiJodHRwczpcL1wvdGF4dXR1LmNvbVwvd3AtY29udGVudFwvdXBsb2Fkc1wvMjAyM1wvMDhcL2VtYmFyYXpvLWJhbG9uLWRsLXZpc3RhLWNyYW5lYWwtZGNoYS1maWx0cm8tbmFwYS1zY2FsZWQuanBnIiwic2xpZGVzaG93IjoiMDFmMDc1MSJ9\">\n\t\t\t\t\t<div class=\"e-gallery-image elementor-gallery-item__image\" data-thumbnail=\"https:\/\/taxutu.com\/wp-content\/uploads\/2023\/08\/embarazo-balon-dl-vista-craneal-dcha-filtro-napa-300x192.jpg\" data-width=\"300\" data-height=\"192\" aria-label=\"\" role=\"img\" ><\/div>\n\t\t\t\t\t\t\t\t\t\t\t<div class=\"elementor-gallery-item__overlay\"><\/div>\n\t\t\t\t\t\t\t\t\t\t\t\t\t\t<\/a>\n\t\t\t\t\t\t\t<a class=\"e-gallery-item elementor-gallery-item elementor-animated-content\" href=\"https:\/\/taxutu.com\/wp-content\/uploads\/2023\/08\/DSC_4600.jpg\" data-elementor-open-lightbox=\"yes\" data-elementor-lightbox-slideshow=\"01f0751\" data-elementor-lightbox-title=\"DSC_4600..\" data-e-action-hash=\"#elementor-action%3Aaction%3Dlightbox%26settings%3DeyJpZCI6NDAwLCJ1cmwiOiJodHRwczpcL1wvdGF4dXR1LmNvbVwvd3AtY29udGVudFwvdXBsb2Fkc1wvMjAyM1wvMDhcL0RTQ180NjAwLmpwZyIsInNsaWRlc2hvdyI6IjAxZjA3NTEifQ%3D%3D\">\n\t\t\t\t\t<div class=\"e-gallery-image elementor-gallery-item__image\" data-thumbnail=\"https:\/\/taxutu.com\/wp-content\/uploads\/2023\/08\/DSC_4600.jpg\" data-width=\"300\" data-height=\"277\" aria-label=\"\" role=\"img\" ><\/div>\n\t\t\t\t\t\t\t\t\t\t\t<div class=\"elementor-gallery-item__overlay\"><\/div>\n\t\t\t\t\t\t\t\t\t\t\t\t\t\t<\/a>\n\t\t\t\t\t<\/div>\n\t\t\t\t\t<\/div>\n\t\t\t\t<\/div>\n\t\t\t\t\t<\/div>\n\t\t<\/div>\n\t\t\t\t\t<\/div>\n\t\t<\/section>\n\t\t\t\t<\/div>","protected":false},"excerpt":{"rendered":"<p>ONGI ETORRI! Ongi etorri gure webgunera! Pozik gaude gure lan bikaina eta jarduten ditugun arloak aurkezteaz. Obstetrizian, uroginekologian eta fisiosexologian urteetako esperientziarekin, zain dauden amaren eta haien seme-alaben ongizatearen aldeko apustua egiten dugu. Haurdunaldiaren hasieratik erditze ondorengora arte, gure helburua arreta espezializatua eskaintzea eta familiak seguru eta informatuta sentitzea da. Gure kalitate handiko zerbitzuen bidez, [&hellip;]<\/p>\n","protected":false},"author":1,"featured_media":0,"parent":0,"menu_order":0,"comment_status":"closed","ping_status":"closed","template":"","meta":{"footnotes":""},"class_list":["post-2","page","type-page","status-publish","hentry"],"yoast_head":"<!-- This site is optimized with the Yoast SEO plugin v27.5 - https:\/\/yoast.com\/product\/yoast-seo-wordpress\/ -->\n<title>Inicio - Taxutu<\/title>\n<meta name=\"robots\" content=\"index, follow, max-snippet:-1, max-image-preview:large, max-video-preview:-1\" \/>\n<link rel=\"canonical\" href=\"https:\/\/taxutu.com\/es\/\" \/>\n<meta property=\"og:locale\" content=\"es_ES\" \/>\n<meta property=\"og:type\" content=\"article\" \/>\n<meta property=\"og:title\" content=\"Inicio - Taxutu\" \/>\n<meta property=\"og:description\" content=\"ONGI ETORRI! Ongi etorri gure webgunera! Pozik gaude gure lan bikaina eta jarduten ditugun arloak aurkezteaz. Obstetrizian, uroginekologian eta fisiosexologian urteetako esperientziarekin, zain dauden amaren eta haien seme-alaben ongizatearen aldeko apustua egiten dugu. Haurdunaldiaren hasieratik erditze ondorengora arte, gure helburua arreta espezializatua eskaintzea eta familiak seguru eta informatuta sentitzea da. Gure kalitate handiko zerbitzuen bidez, [&hellip;]\" \/>\n<meta property=\"og:url\" content=\"https:\/\/taxutu.com\/es\/\" \/>\n<meta property=\"og:site_name\" content=\"Taxutu\" \/>\n<meta property=\"article:modified_time\" content=\"2023-08-30T16:16:48+00:00\" \/>\n<meta name=\"twitter:card\" content=\"summary_large_image\" \/>\n<meta name=\"twitter:label1\" content=\"Tiempo de lectura\" \/>\n\t<meta name=\"twitter:data1\" content=\"1 minuto\" \/>\n<script type=\"application\/ld+json\" class=\"yoast-schema-graph\">{\"@context\":\"https:\\\/\\\/schema.org\",\"@graph\":[{\"@type\":\"WebPage\",\"@id\":\"https:\\\/\\\/taxutu.com\\\/\",\"url\":\"https:\\\/\\\/taxutu.com\\\/\",\"name\":\"Inicio - Taxutu\",\"isPartOf\":{\"@id\":\"https:\\\/\\\/taxutu.com\\\/#website\"},\"datePublished\":\"2023-08-04T07:13:24+00:00\",\"dateModified\":\"2023-08-30T16:16:48+00:00\",\"breadcrumb\":{\"@id\":\"https:\\\/\\\/taxutu.com\\\/#breadcrumb\"},\"inLanguage\":\"es\",\"potentialAction\":[{\"@type\":\"ReadAction\",\"target\":[\"https:\\\/\\\/taxutu.com\\\/\"]}]},{\"@type\":\"BreadcrumbList\",\"@id\":\"https:\\\/\\\/taxutu.com\\\/#breadcrumb\",\"itemListElement\":[{\"@type\":\"ListItem\",\"position\":1,\"name\":\"Portada\",\"item\":\"https:\\\/\\\/taxutu.com\\\/\"},{\"@type\":\"ListItem\",\"position\":2,\"name\":\"Inicio\"}]},{\"@type\":\"WebSite\",\"@id\":\"https:\\\/\\\/taxutu.com\\\/#website\",\"url\":\"https:\\\/\\\/taxutu.com\\\/\",\"name\":\"Taxutu\",\"description\":\"Fisioterapia eta Osteopatia\",\"publisher\":{\"@id\":\"https:\\\/\\\/taxutu.com\\\/#organization\"},\"potentialAction\":[{\"@type\":\"SearchAction\",\"target\":{\"@type\":\"EntryPoint\",\"urlTemplate\":\"https:\\\/\\\/taxutu.com\\\/?s={search_term_string}\"},\"query-input\":{\"@type\":\"PropertyValueSpecification\",\"valueRequired\":true,\"valueName\":\"search_term_string\"}}],\"inLanguage\":\"es\"},{\"@type\":\"Organization\",\"@id\":\"https:\\\/\\\/taxutu.com\\\/#organization\",\"name\":\"Taxutu\",\"url\":\"https:\\\/\\\/taxutu.com\\\/\",\"logo\":{\"@type\":\"ImageObject\",\"inLanguage\":\"es\",\"@id\":\"https:\\\/\\\/taxutu.com\\\/#\\\/schema\\\/logo\\\/image\\\/\",\"url\":\"https:\\\/\\\/taxutu.com\\\/wp-content\\\/uploads\\\/2023\\\/08\\\/cropped-Logo-2_Mesa-de-trabajo-1.png\",\"contentUrl\":\"https:\\\/\\\/taxutu.com\\\/wp-content\\\/uploads\\\/2023\\\/08\\\/cropped-Logo-2_Mesa-de-trabajo-1.png\",\"width\":1080,\"height\":742,\"caption\":\"Taxutu\"},\"image\":{\"@id\":\"https:\\\/\\\/taxutu.com\\\/#\\\/schema\\\/logo\\\/image\\\/\"}}]}<\/script>\n<!-- \/ Yoast SEO plugin. -->","yoast_head_json":{"title":"Inicio - Taxutu","robots":{"index":"index","follow":"follow","max-snippet":"max-snippet:-1","max-image-preview":"max-image-preview:large","max-video-preview":"max-video-preview:-1"},"canonical":"https:\/\/taxutu.com\/es\/","og_locale":"es_ES","og_type":"article","og_title":"Inicio - Taxutu","og_description":"ONGI ETORRI! Ongi etorri gure webgunera! Pozik gaude gure lan bikaina eta jarduten ditugun arloak aurkezteaz. Obstetrizian, uroginekologian eta fisiosexologian urteetako esperientziarekin, zain dauden amaren eta haien seme-alaben ongizatearen aldeko apustua egiten dugu. Haurdunaldiaren hasieratik erditze ondorengora arte, gure helburua arreta espezializatua eskaintzea eta familiak seguru eta informatuta sentitzea da. Gure kalitate handiko zerbitzuen bidez, [&hellip;]","og_url":"https:\/\/taxutu.com\/es\/","og_site_name":"Taxutu","article_modified_time":"2023-08-30T16:16:48+00:00","twitter_card":"summary_large_image","twitter_misc":{"Tiempo de lectura":"1 minuto"},"schema":{"@context":"https:\/\/schema.org","@graph":[{"@type":"WebPage","@id":"https:\/\/taxutu.com\/","url":"https:\/\/taxutu.com\/","name":"Inicio - Taxutu","isPartOf":{"@id":"https:\/\/taxutu.com\/#website"},"datePublished":"2023-08-04T07:13:24+00:00","dateModified":"2023-08-30T16:16:48+00:00","breadcrumb":{"@id":"https:\/\/taxutu.com\/#breadcrumb"},"inLanguage":"es","potentialAction":[{"@type":"ReadAction","target":["https:\/\/taxutu.com\/"]}]},{"@type":"BreadcrumbList","@id":"https:\/\/taxutu.com\/#breadcrumb","itemListElement":[{"@type":"ListItem","position":1,"name":"Portada","item":"https:\/\/taxutu.com\/"},{"@type":"ListItem","position":2,"name":"Inicio"}]},{"@type":"WebSite","@id":"https:\/\/taxutu.com\/#website","url":"https:\/\/taxutu.com\/","name":"Taxutu","description":"Fisioterapia eta Osteopatia","publisher":{"@id":"https:\/\/taxutu.com\/#organization"},"potentialAction":[{"@type":"SearchAction","target":{"@type":"EntryPoint","urlTemplate":"https:\/\/taxutu.com\/?s={search_term_string}"},"query-input":{"@type":"PropertyValueSpecification","valueRequired":true,"valueName":"search_term_string"}}],"inLanguage":"es"},{"@type":"Organization","@id":"https:\/\/taxutu.com\/#organization","name":"Taxutu","url":"https:\/\/taxutu.com\/","logo":{"@type":"ImageObject","inLanguage":"es","@id":"https:\/\/taxutu.com\/#\/schema\/logo\/image\/","url":"https:\/\/taxutu.com\/wp-content\/uploads\/2023\/08\/cropped-Logo-2_Mesa-de-trabajo-1.png","contentUrl":"https:\/\/taxutu.com\/wp-content\/uploads\/2023\/08\/cropped-Logo-2_Mesa-de-trabajo-1.png","width":1080,"height":742,"caption":"Taxutu"},"image":{"@id":"https:\/\/taxutu.com\/#\/schema\/logo\/image\/"}}]}},"_links":{"self":[{"href":"https:\/\/taxutu.com\/es\/wp-json\/wp\/v2\/pages\/2","targetHints":{"allow":["GET"]}}],"collection":[{"href":"https:\/\/taxutu.com\/es\/wp-json\/wp\/v2\/pages"}],"about":[{"href":"https:\/\/taxutu.com\/es\/wp-json\/wp\/v2\/types\/page"}],"author":[{"embeddable":true,"href":"https:\/\/taxutu.com\/es\/wp-json\/wp\/v2\/users\/1"}],"replies":[{"embeddable":true,"href":"https:\/\/taxutu.com\/es\/wp-json\/wp\/v2\/comments?post=2"}],"version-history":[{"count":58,"href":"https:\/\/taxutu.com\/es\/wp-json\/wp\/v2\/pages\/2\/revisions"}],"predecessor-version":[{"id":493,"href":"https:\/\/taxutu.com\/es\/wp-json\/wp\/v2\/pages\/2\/revisions\/493"}],"wp:attachment":[{"href":"https:\/\/taxutu.com\/es\/wp-json\/wp\/v2\/media?parent=2"}],"curies":[{"name":"wp","href":"https:\/\/api.w.org\/{rel}","templated":true}]}}