{"id":14,"date":"2023-08-04T07:22:57","date_gmt":"2023-08-04T07:22:57","guid":{"rendered":"https:\/\/web4.rkinformatika.net\/taxutu\/?page_id=14"},"modified":"2024-07-03T10:00:02","modified_gmt":"2024-07-03T10:00:02","slug":"accesibilidad","status":"publish","type":"page","link":"https:\/\/taxutu.com\/es\/accesibilidad\/","title":{"rendered":"Accesibilidad"},"content":{"rendered":"<div data-elementor-type=\"wp-page\" data-elementor-id=\"14\" class=\"elementor elementor-14\" data-elementor-post-type=\"page\">\n\t\t\t\t\t\t<section class=\"elementor-section elementor-top-section elementor-element elementor-element-9eaa994 elementor-section-boxed elementor-section-height-default elementor-section-height-default\" data-id=\"9eaa994\" data-element_type=\"section\" data-e-type=\"section\">\n\t\t\t\t\t\t<div class=\"elementor-container elementor-column-gap-default\">\n\t\t\t\t\t<div class=\"elementor-column elementor-col-100 elementor-top-column elementor-element elementor-element-48b8128\" data-id=\"48b8128\" data-element_type=\"column\" data-e-type=\"column\">\n\t\t\t<div class=\"elementor-widget-wrap elementor-element-populated\">\n\t\t\t\t\t\t<div class=\"elementor-element elementor-element-b6d0be8 elementor-widget elementor-widget-text-editor\" data-id=\"b6d0be8\" data-element_type=\"widget\" data-e-type=\"widget\" data-widget_type=\"text-editor.default\">\n\t\t\t\t<div class=\"elementor-widget-container\">\n\t\t\t\t\t\t\t\t\t<h1 class=\"western\"><span style=\"color: #666666;\"><span style=\"font-family: Helvetica 65 Medium, sans-serif;\"><span style=\"font-size: x-large;\"><b>ACCESIBILIDAD<\/b><\/span><\/span><\/span><\/h1><p><span style=\"color: #666666;\"><span style=\"font-family: Helvetica 65 Medium, sans-serif;\"><span style=\"font-size: medium;\"><b>Taxutu Fisioterapia eta Osteopatia<\/b><\/span><\/span><\/span><span style=\"color: #666666;\"><span style=\"font-family: Helvetica 65 Medium, sans-serif;\"><span style=\"font-size: medium;\">\u00a0se ha comprometido a hacer accesible su sitio web, de conformidad con el\u00a0<\/span><\/span><\/span><a href=\"https:\/\/www.boe.es\/diario_boe\/txt.php?id=BOE-A-2018-12699\" target=\"_blank\" rel=\"noopener\"><span style=\"color: #ff0000;\"><span style=\"font-family: Helvetica 65 Medium, sans-serif;\"><span style=\"font-size: medium;\">Real Decreto 1112\/2018, de 7 de septiembre, sobre accesibilidad de los sitios web y aplicaciones para dispositivos m\u00f3viles del sector p\u00fablico.<\/span><\/span><\/span><\/a><\/p><p><span style=\"color: #666666;\"><span style=\"font-family: Helvetica 65 Medium, sans-serif;\"><span style=\"font-size: medium;\">La presente declaraci\u00f3n de accesibilidad se aplica al sitio web <b>https:\/\/taxutu.com<\/b><b>\/<\/b><\/span><\/span><\/span><\/p><h2 class=\"western\"><span style=\"color: #666666;\"><span style=\"font-family: Helvetica 65 Medium, sans-serif;\">Situaci\u00f3n de cumplimiento<\/span><\/span><\/h2><p><span style=\"color: #666666;\"><span style=\"font-family: Helvetica 65 Medium, sans-serif;\"><span style=\"font-size: medium;\">Este sitio web es parcialmente conforme con el\u00a0<\/span><\/span><\/span><a href=\"https:\/\/www.boe.es\/diario_boe\/txt.php?id=BOE-A-2018-12699\" target=\"_blank\" rel=\"noopener\"><span style=\"color: #ff0000;\"><span style=\"font-family: Helvetica 65 Medium, sans-serif;\"><span style=\"font-size: medium;\">RD 1112\/2018<\/span><\/span><\/span><\/a><span style=\"color: #ff0000;\"><span style=\"font-family: Helvetica 65 Medium, sans-serif;\"><span style=\"font-size: medium;\">.<\/span><\/span><\/span><\/p><h2 class=\"western\"><span style=\"color: #666666;\"><span style=\"font-family: Helvetica 65 Medium, sans-serif;\">Preparaci\u00f3n para la siguiente declaraci\u00f3n de accesibilidad<\/span><\/span><\/h2><p><span style=\"color: #666666;\"><span style=\"font-family: Helvetica 65 Medium, sans-serif;\"><span style=\"font-size: medium;\">La presente declaraci\u00f3n fue preparada el <b>03<\/b><b> de Julio <\/b><b>de 2024.<\/b><\/span><\/span><\/span><\/p><p><span style=\"color: #666666;\"><span style=\"font-family: Helvetica 65 Medium, sans-serif;\"><span style=\"font-size: medium;\">El m\u00e9todo empleado para preparar la declaraci\u00f3n ha sido una autoevaluaci\u00f3n llevada a cabo por el propio organismo.<\/span><\/span><\/span><\/p><p><span style=\"color: #666666;\"><span style=\"font-family: Helvetica 65 Medium, sans-serif;\"><span style=\"font-size: medium;\">Observaciones y datos de contacto<\/span><\/span><\/span><\/p><p><span style=\"color: #666666;\"><span style=\"font-family: Helvetica 65 Medium, sans-serif;\"><span style=\"font-size: medium;\">Puede realizar comunicaciones sobre requisitos de accesibilidad (art\u00edculo 10.2.a del RD 1112\/2018) como, por ejemplo:<\/span><\/span><\/span><\/p><ul><li><p><span style=\"color: #666666;\"><span style=\"font-family: Helvetica 65 Medium, sans-serif;\"><span style=\"font-size: medium;\">Informar sobre cualquier posible incumplimiento por parte de este sitio web<\/span><\/span><\/span><\/p><\/li><li><p><span style=\"color: #666666;\"><span style=\"font-family: Helvetica 65 Medium, sans-serif;\"><span style=\"font-size: medium;\">Transmitir otras dificultades de acceso al contenido<\/span><\/span><\/span><\/p><\/li><li><p><span style=\"color: #666666;\"><span style=\"font-family: Helvetica 65 Medium, sans-serif;\"><span style=\"font-size: medium;\">Formular cualquier otra consulta o sugerencia de mejora relativa a la accesibilidad del sitio web<\/span><\/span><\/span><\/p><\/li><\/ul><p><span style=\"color: #666666;\"><span style=\"font-family: Helvetica 65 Medium, sans-serif;\"><span style=\"font-size: medium;\">a trav\u00e9s del formulario de contacto de este sitio web o a trav\u00e9s del nuestro whatsapp (+34) 722 614 526.<\/span><\/span><\/span><\/p><p><span style=\"color: #666666;\"><span style=\"font-family: Helvetica 65 Medium, sans-serif;\"><span style=\"font-size: medium;\">Puede presentar:<\/span><\/span><\/span><\/p><ul><li><p><span style=\"color: #666666;\"><span style=\"font-family: Helvetica 65 Medium, sans-serif;\"><span style=\"font-size: medium;\">Queja relativa al cumplimiento de los requisitos del RD 1112\/2018 o<\/span><\/span><\/span><\/p><\/li><li><p><span style=\"color: #666666;\"><span style=\"font-family: Helvetica 65 Medium, sans-serif;\"><span style=\"font-size: medium;\">Solicitud de Informaci\u00f3n accesible relativa a:<\/span><\/span><\/span><\/p><ul><li><p><span style=\"color: #666666;\"><span style=\"font-family: Helvetica 65 Medium, sans-serif;\"><span style=\"font-size: medium;\">Contenidos que est\u00e1n excluidos del \u00e1mbito de aplicaci\u00f3n del RD 1112\/2018 seg\u00fan lo establecido por el art\u00edculo 3, apartado 4<\/span><\/span><\/span><\/p><\/li><li><p><span style=\"color: #666666;\"><span style=\"font-family: Helvetica 65 Medium, sans-serif;\"><span style=\"font-size: medium;\">Contenidos que est\u00e1n exentos del cumplimiento de los requisitos de accesibilidad por imponer una carga desproporcionada<\/span><\/span><\/span><\/p><\/li><\/ul><\/li><\/ul><p><span style=\"color: #666666;\"><span style=\"font-family: Helvetica 65 Medium, sans-serif;\"><span style=\"font-size: medium;\">En la Solicitud de informaci\u00f3n accesible, se debe concretar, con toda claridad, los hechos, razones y petici\u00f3n que permitan constatar que se trata de una solicitud razonable y leg\u00edtima.<\/span><\/span><\/span><\/p><p><span style=\"color: #666666;\"><span style=\"font-family: Helvetica 65 Medium, sans-serif;\"><span style=\"font-size: medium;\">Las quejas y reclamaciones sobre informaci\u00f3n accesible se realizar\u00e1n a trav\u00e9s de la sede electr\u00f3nica (<b>https:\/\/taxutu.com<\/b><b>\/contacto\/<\/b>), y ser\u00e1n recibidas y tratadas por el \u00e1rea de Sistemas de la Informaci\u00f3n de <b>Taxutu Fisioterapia eta Osteopatia<\/b>.<\/span><\/span><\/span><\/p><h2 class=\"western\"><span style=\"color: #666666;\"><span style=\"font-family: Helvetica 65 Medium, sans-serif;\">Contenido opcional<\/span><\/span><\/h2><p><span style=\"color: #666666;\"><span style=\"font-family: Helvetica 65 Medium, sans-serif;\"><span style=\"font-size: medium;\">Este portal est\u00e1 dise\u00f1ado para poder cambiar el tama\u00f1o del texto y el color, as\u00ed como el fondo de la p\u00e1gina mediante las opciones de configuraci\u00f3n est\u00e1ndar de los navegadores.<\/span><\/span><\/span><\/p><p><span style=\"color: #666666;\"><span style=\"font-family: Helvetica 65 Medium, sans-serif;\"><span style=\"font-size: medium;\">Si desea cambiar el tama\u00f1o de letra del texto en los principales navegadores gr\u00e1ficos utilice los siguientes men\u00fas:<\/span><\/span><\/span><\/p><ul><li><p><span style=\"color: #666666;\"><span style=\"font-family: Helvetica 65 Medium, sans-serif;\"><span style=\"font-size: medium;\">Internet Explorer, Mozilla y Firefox: Ver &gt; Tama\u00f1o del texto<\/span><\/span><\/span><\/p><\/li><li><p><span style=\"color: #666666;\"><span style=\"font-family: Helvetica 65 Medium, sans-serif;\"><span style=\"font-size: medium;\">Opera: Ver &gt; Zoom<\/span><\/span><\/span><\/p><\/li><li><p><span style=\"color: #666666;\"><span style=\"font-family: Helvetica 65 Medium, sans-serif;\"><span style=\"font-size: medium;\">Safari: Ver &gt; Hacer el texto m\u00e1s grande<\/span><\/span><\/span><\/p><\/li><li><p><span style=\"color: #666666;\"><span style=\"font-family: Helvetica 65 Medium, sans-serif;\"><span style=\"font-size: medium;\">Chrome: Controla la p\u00e1gina actual &gt; Tama\u00f1o del texto<\/span><\/span><\/span><\/p><\/li><li><p><span style=\"color: #666666;\"><span style=\"font-family: Helvetica 65 Medium, sans-serif;\"><span style=\"font-size: medium;\">Para modificar el tama\u00f1o de todo en la p\u00e1gina:<\/span><\/span><\/span><\/p><ul><li><p><span style=\"color: #666666;\"><span style=\"font-family: Helvetica 65 Medium, sans-serif;\"><span style=\"font-size: medium;\">Ctrl + + para aumentarlo<\/span><\/span><\/span><\/p><\/li><li><p><span style=\"color: #666666;\"><span style=\"font-family: Helvetica 65 Medium, sans-serif;\"><span style=\"font-size: medium;\">Ctrl + \u2013 para disminuirlo<\/span><\/span><\/span><\/p><\/li><li><p><span style=\"color: #666666;\"><span style=\"font-family: Helvetica 65 Medium, sans-serif;\"><span style=\"font-size: medium;\">Ctrl + 0 restaura el tama\u00f1o original del texto<\/span><\/span><\/span><\/p><\/li><li><p><span style=\"color: #666666;\"><span style=\"font-family: Helvetica 65 Medium, sans-serif;\"><span style=\"font-size: medium;\">Si lo que quiere es anular la hoja de estilos o modificar el color del texto, puede consultar la p\u00e1gina\u00a0<span lang=\"en-US\">How to Change Text Size or Colors de la WAI<\/span>, que se puede leer traducida al espa\u00f1ol en \u00bfC\u00f3mo cambiar el tama\u00f1o del texto o colores?<\/span><\/span><\/span><\/p><\/li><\/ul><\/li><\/ul>\t\t\t\t\t\t\t\t<\/div>\n\t\t\t\t<\/div>\n\t\t\t\t\t<\/div>\n\t\t<\/div>\n\t\t\t\t\t<\/div>\n\t\t<\/section>\n\t\t\t\t<\/div>","protected":false},"excerpt":{"rendered":"<p>ACCESIBILIDAD Taxutu Fisioterapia eta Osteopatia\u00a0se ha comprometido a hacer accesible su sitio web, de conformidad con el\u00a0Real Decreto 1112\/2018, de 7 de septiembre, sobre accesibilidad de los sitios web y aplicaciones para dispositivos m\u00f3viles del sector p\u00fablico. La presente declaraci\u00f3n de accesibilidad se aplica al sitio web https:\/\/taxutu.com\/ Situaci\u00f3n de cumplimiento Este sitio web es [&hellip;]<\/p>\n","protected":false},"author":1,"featured_media":0,"parent":0,"menu_order":0,"comment_status":"closed","ping_status":"closed","template":"","meta":{"footnotes":""},"class_list":["post-14","page","type-page","status-publish","hentry"],"yoast_head":"<!-- This site is optimized with the Yoast SEO plugin v27.3 - https:\/\/yoast.com\/product\/yoast-seo-wordpress\/ -->\n<title>Accesibilidad - Taxutu<\/title>\n<meta name=\"robots\" content=\"index, follow, max-snippet:-1, max-image-preview:large, max-video-preview:-1\" \/>\n<link rel=\"canonical\" href=\"https:\/\/taxutu.com\/es\/accesibilidad\/\" \/>\n<meta property=\"og:locale\" content=\"es_ES\" \/>\n<meta property=\"og:type\" content=\"article\" \/>\n<meta property=\"og:title\" content=\"Accesibilidad - Taxutu\" \/>\n<meta property=\"og:description\" content=\"ACCESIBILIDAD Taxutu Fisioterapia eta Osteopatia\u00a0se ha comprometido a hacer accesible su sitio web, de conformidad con el\u00a0Real Decreto 1112\/2018, de 7 de septiembre, sobre accesibilidad de los sitios web y aplicaciones para dispositivos m\u00f3viles del sector p\u00fablico. La presente declaraci\u00f3n de accesibilidad se aplica al sitio web https:\/\/taxutu.com\/ Situaci\u00f3n de cumplimiento Este sitio web es [&hellip;]\" \/>\n<meta property=\"og:url\" content=\"https:\/\/taxutu.com\/es\/accesibilidad\/\" \/>\n<meta property=\"og:site_name\" content=\"Taxutu\" \/>\n<meta property=\"article:modified_time\" content=\"2024-07-03T10:00:02+00:00\" \/>\n<meta name=\"twitter:card\" content=\"summary_large_image\" \/>\n<meta name=\"twitter:label1\" content=\"Tiempo de lectura\" \/>\n\t<meta name=\"twitter:data1\" content=\"3 minutos\" \/>\n<script type=\"application\/ld+json\" class=\"yoast-schema-graph\">{\"@context\":\"https:\\\/\\\/schema.org\",\"@graph\":[{\"@type\":\"WebPage\",\"@id\":\"https:\\\/\\\/taxutu.com\\\/accesibilidad\\\/\",\"url\":\"https:\\\/\\\/taxutu.com\\\/accesibilidad\\\/\",\"name\":\"Accesibilidad - Taxutu\",\"isPartOf\":{\"@id\":\"https:\\\/\\\/taxutu.com\\\/#website\"},\"datePublished\":\"2023-08-04T07:22:57+00:00\",\"dateModified\":\"2024-07-03T10:00:02+00:00\",\"breadcrumb\":{\"@id\":\"https:\\\/\\\/taxutu.com\\\/accesibilidad\\\/#breadcrumb\"},\"inLanguage\":\"es\",\"potentialAction\":[{\"@type\":\"ReadAction\",\"target\":[\"https:\\\/\\\/taxutu.com\\\/accesibilidad\\\/\"]}]},{\"@type\":\"BreadcrumbList\",\"@id\":\"https:\\\/\\\/taxutu.com\\\/accesibilidad\\\/#breadcrumb\",\"itemListElement\":[{\"@type\":\"ListItem\",\"position\":1,\"name\":\"Portada\",\"item\":\"https:\\\/\\\/taxutu.com\\\/\"},{\"@type\":\"ListItem\",\"position\":2,\"name\":\"Accesibilidad\"}]},{\"@type\":\"WebSite\",\"@id\":\"https:\\\/\\\/taxutu.com\\\/#website\",\"url\":\"https:\\\/\\\/taxutu.com\\\/\",\"name\":\"Taxutu\",\"description\":\"Fisioterapia eta Osteopatia\",\"publisher\":{\"@id\":\"https:\\\/\\\/taxutu.com\\\/#organization\"},\"potentialAction\":[{\"@type\":\"SearchAction\",\"target\":{\"@type\":\"EntryPoint\",\"urlTemplate\":\"https:\\\/\\\/taxutu.com\\\/?s={search_term_string}\"},\"query-input\":{\"@type\":\"PropertyValueSpecification\",\"valueRequired\":true,\"valueName\":\"search_term_string\"}}],\"inLanguage\":\"es\"},{\"@type\":\"Organization\",\"@id\":\"https:\\\/\\\/taxutu.com\\\/#organization\",\"name\":\"Taxutu\",\"url\":\"https:\\\/\\\/taxutu.com\\\/\",\"logo\":{\"@type\":\"ImageObject\",\"inLanguage\":\"es\",\"@id\":\"https:\\\/\\\/taxutu.com\\\/#\\\/schema\\\/logo\\\/image\\\/\",\"url\":\"https:\\\/\\\/taxutu.com\\\/wp-content\\\/uploads\\\/2023\\\/08\\\/cropped-Logo-2_Mesa-de-trabajo-1.png\",\"contentUrl\":\"https:\\\/\\\/taxutu.com\\\/wp-content\\\/uploads\\\/2023\\\/08\\\/cropped-Logo-2_Mesa-de-trabajo-1.png\",\"width\":1080,\"height\":742,\"caption\":\"Taxutu\"},\"image\":{\"@id\":\"https:\\\/\\\/taxutu.com\\\/#\\\/schema\\\/logo\\\/image\\\/\"}}]}<\/script>\n<!-- \/ Yoast SEO plugin. -->","yoast_head_json":{"title":"Accesibilidad - Taxutu","robots":{"index":"index","follow":"follow","max-snippet":"max-snippet:-1","max-image-preview":"max-image-preview:large","max-video-preview":"max-video-preview:-1"},"canonical":"https:\/\/taxutu.com\/es\/accesibilidad\/","og_locale":"es_ES","og_type":"article","og_title":"Accesibilidad - Taxutu","og_description":"ACCESIBILIDAD Taxutu Fisioterapia eta Osteopatia\u00a0se ha comprometido a hacer accesible su sitio web, de conformidad con el\u00a0Real Decreto 1112\/2018, de 7 de septiembre, sobre accesibilidad de los sitios web y aplicaciones para dispositivos m\u00f3viles del sector p\u00fablico. La presente declaraci\u00f3n de accesibilidad se aplica al sitio web https:\/\/taxutu.com\/ Situaci\u00f3n de cumplimiento Este sitio web es [&hellip;]","og_url":"https:\/\/taxutu.com\/es\/accesibilidad\/","og_site_name":"Taxutu","article_modified_time":"2024-07-03T10:00:02+00:00","twitter_card":"summary_large_image","twitter_misc":{"Tiempo de lectura":"3 minutos"},"schema":{"@context":"https:\/\/schema.org","@graph":[{"@type":"WebPage","@id":"https:\/\/taxutu.com\/accesibilidad\/","url":"https:\/\/taxutu.com\/accesibilidad\/","name":"Accesibilidad - Taxutu","isPartOf":{"@id":"https:\/\/taxutu.com\/#website"},"datePublished":"2023-08-04T07:22:57+00:00","dateModified":"2024-07-03T10:00:02+00:00","breadcrumb":{"@id":"https:\/\/taxutu.com\/accesibilidad\/#breadcrumb"},"inLanguage":"es","potentialAction":[{"@type":"ReadAction","target":["https:\/\/taxutu.com\/accesibilidad\/"]}]},{"@type":"BreadcrumbList","@id":"https:\/\/taxutu.com\/accesibilidad\/#breadcrumb","itemListElement":[{"@type":"ListItem","position":1,"name":"Portada","item":"https:\/\/taxutu.com\/"},{"@type":"ListItem","position":2,"name":"Accesibilidad"}]},{"@type":"WebSite","@id":"https:\/\/taxutu.com\/#website","url":"https:\/\/taxutu.com\/","name":"Taxutu","description":"Fisioterapia eta Osteopatia","publisher":{"@id":"https:\/\/taxutu.com\/#organization"},"potentialAction":[{"@type":"SearchAction","target":{"@type":"EntryPoint","urlTemplate":"https:\/\/taxutu.com\/?s={search_term_string}"},"query-input":{"@type":"PropertyValueSpecification","valueRequired":true,"valueName":"search_term_string"}}],"inLanguage":"es"},{"@type":"Organization","@id":"https:\/\/taxutu.com\/#organization","name":"Taxutu","url":"https:\/\/taxutu.com\/","logo":{"@type":"ImageObject","inLanguage":"es","@id":"https:\/\/taxutu.com\/#\/schema\/logo\/image\/","url":"https:\/\/taxutu.com\/wp-content\/uploads\/2023\/08\/cropped-Logo-2_Mesa-de-trabajo-1.png","contentUrl":"https:\/\/taxutu.com\/wp-content\/uploads\/2023\/08\/cropped-Logo-2_Mesa-de-trabajo-1.png","width":1080,"height":742,"caption":"Taxutu"},"image":{"@id":"https:\/\/taxutu.com\/#\/schema\/logo\/image\/"}}]}},"_links":{"self":[{"href":"https:\/\/taxutu.com\/es\/wp-json\/wp\/v2\/pages\/14","targetHints":{"allow":["GET"]}}],"collection":[{"href":"https:\/\/taxutu.com\/es\/wp-json\/wp\/v2\/pages"}],"about":[{"href":"https:\/\/taxutu.com\/es\/wp-json\/wp\/v2\/types\/page"}],"author":[{"embeddable":true,"href":"https:\/\/taxutu.com\/es\/wp-json\/wp\/v2\/users\/1"}],"replies":[{"embeddable":true,"href":"https:\/\/taxutu.com\/es\/wp-json\/wp\/v2\/comments?post=14"}],"version-history":[{"count":28,"href":"https:\/\/taxutu.com\/es\/wp-json\/wp\/v2\/pages\/14\/revisions"}],"predecessor-version":[{"id":697,"href":"https:\/\/taxutu.com\/es\/wp-json\/wp\/v2\/pages\/14\/revisions\/697"}],"wp:attachment":[{"href":"https:\/\/taxutu.com\/es\/wp-json\/wp\/v2\/media?parent=14"}],"curies":[{"name":"wp","href":"https:\/\/api.w.org\/{rel}","templated":true}]}}